{"id":72,"date":"2014-10-07T08:05:13","date_gmt":"2014-10-07T08:05:13","guid":{"rendered":"http:\/\/roze.grothar.com\/?page_id=72"},"modified":"2014-10-07T08:05:13","modified_gmt":"2014-10-07T08:05:13","slug":"management","status":"publish","type":"page","link":"http:\/\/www.roze.hr\/opsirnije\/pocetna\/management\/","title":{"rendered":"Management"},"content":{"rendered":"<p>dipl. ing. Snje\u017eana Rogi-\u017depi\u0107<br \/>\ndipl. ing. Ladislav \u017depi\u0107<\/p>\n","protected":false},"excerpt":{"rendered":"<p>dipl. ing. Snje\u017eana Rogi-\u017depi\u0107 dipl. ing. Ladislav \u017depi\u0107<\/p>\n","protected":false},"author":2,"featured_media":0,"parent":9,"menu_order":13,"comment_status":"closed","ping_status":"closed","template":"full-width-page.php","meta":{"footnotes":""},"class_list":["post-72","page","type-page","status-publish","hentry"],"_links":{"self":[{"href":"http:\/\/www.roze.hr\/opsirnije\/wp-json\/wp\/v2\/pages\/72"}],"collection":[{"href":"http:\/\/www.roze.hr\/opsirnije\/wp-json\/wp\/v2\/pages"}],"about":[{"href":"http:\/\/www.roze.hr\/opsirnije\/wp-json\/wp\/v2\/types\/page"}],"author":[{"embeddable":true,"href":"http:\/\/www.roze.hr\/opsirnije\/wp-json\/wp\/v2\/users\/2"}],"replies":[{"embeddable":true,"href":"http:\/\/www.roze.hr\/opsirnije\/wp-json\/wp\/v2\/comments?post=72"}],"version-history":[{"count":0,"href":"http:\/\/www.roze.hr\/opsirnije\/wp-json\/wp\/v2\/pages\/72\/revisions"}],"up":[{"embeddable":true,"href":"http:\/\/www.roze.hr\/opsirnije\/wp-json\/wp\/v2\/pages\/9"}],"wp:attachment":[{"href":"http:\/\/www.roze.hr\/opsirnije\/wp-json\/wp\/v2\/media?parent=72"}],"curies":[{"name":"wp","href":"https:\/\/api.w.org\/{rel}","templated":true}]}}