{"id":64,"date":"2014-10-07T08:03:33","date_gmt":"2014-10-07T08:03:33","guid":{"rendered":"http:\/\/roze.grothar.com\/?page_id=64"},"modified":"2024-10-26T12:31:03","modified_gmt":"2024-10-26T12:31:03","slug":"evidencija-radnog-vremena","status":"publish","type":"page","link":"http:\/\/www.roze.hr\/opsirnije\/pocetna\/evidencija-radnog-vremena\/","title":{"rendered":"Evidencija radnog vremena"},"content":{"rendered":"<div style=\"font-size: x-large;\">Mati\u010dna knjiga radnika\u00a0\u00a0\u2022\u00a0\u00a0Putni nalozi\u00a0\u00a0\u2022\u00a0\u00a0Loco vo\u017enja<\/div>\n<div style=\"font-size: small; height: 30px;\">\u00a0<\/div>\n<div style=\"width: 100%; color: gray; font-size: x-large; line-height: 100%;\"><strong><em>S ovim programom mo\u017eete u svega par minuta napraviti\u00a0 mjese\u010dne ili vi\u0161emjese\u010dne evidencije radnog vremena\u00a0 za sve radnike koriste\u0107i unaprijed definirane predlo\u0161ke \u00a0 \u00a0 \u00a0 \u00a0 \u00a0 \u00a0 \u00a0 \u00a0 \u00a0 \u00a0<\/em><\/strong><\/div>\n<div style=\"font-size: small; height: 20px;\">\u00a0<\/div>\n<div style=\"font-size: large; color: black;\">\u0160tedite svoje vrijeme i izbjegnite pla\u0107anje kazni<\/div>\n<div style=\"font-size: small; height: 10px;\">\u00a0<\/div>\n<div style=\"font-size: large; color: black;\">Osigurajte sve potrebne podatke na vrijeme i na pravom mjestu<\/div>\n<div style=\"font-size: small; height: 10px;\">\u00a0<\/div>\n<table style=\"width: 100%; border: none !important;\">\n<tbody>\n<tr>\n<td style=\"width: 35%; background: lightgray; text-align: center; border: none !important;\">\n<div style=\"height: 10px;\">\u00a0<\/div>\n<p><b style=\"font-size: 150%;\">OVDJE PREUZMITE BESPLATNI PROGRAM<\/b><br \/>za vo\u0111enje 10 radnika u trajanju od 2 mjeseca<\/p>\n<div style=\"padding: 10px 10% 10px 10%;\">\n<div style=\"background: radial-gradient(red 10%, darkred 90%); text-align: center; border: 1px solid black; color: white; font-size: 150%;\">\n<div style=\"height: 1px;\">\u00a0<\/div>\n<p><a style=\"color: white;\" title=\"Setup radno vrijeme\" href=\"http:\/\/www.roze.hr\/opsirnije\/wp-content\/uploads\/2015\/07\/setup_radno_vijeme.exe\" target=\"_blank\" rel=\"noopener noreferrer\"><b>ISPROBAJTE<\/b><\/a><\/p>\n<div style=\"height: 1px;\">\u00a0<\/div>\n<\/div>\n<\/div>\n<\/td>\n<td style=\"width: 1%; border: none !important;\">\u00a0<\/td>\n<td style=\"background: radial-gradient(red 10%, darkred 90%); font-size: 150%; padding-left: 5%; padding-right: 5%; height: 100%; border: none !important;\">\n<p style=\"color: black; font-size: 200%; line-height: 100%;\">Isprobajte, pa tek onda odlu\u010dite<\/p>\n<p style=\"color: white;\"><b>Preuzmite potpuno funkcionalan program i isprobajte ga u roku od 60 dana, potpuno besplatno i bez ikakve obaveze. Ako vam se program svidi, nakon kupnje mo\u017eete nastaviti s radom bez gubitka podataka i bez prekida<\/b><\/p>\n<\/td>\n<\/tr>\n<tr>\n<td style=\"border: none !important;\">\u00a0<\/td>\n<td style=\"border: none !important;\">\u00a0<\/td>\n<td style=\"border: none !important;\">\u00a0<\/td>\n<\/tr>\n<tr>\n<td>Od 01. lipnja 2010.godine obaveza je poslodavca vo\u0111enje evidencije o radnicima i radnom vremenu. 1. svibnja 2011. Stupila je na snagu zakonska promjena o vo\u0111enju Evidencije radnog vremena.<b><br \/>28.03. 2015. Ministarstvo rada i mirovinskog sustava donijelo je novi PRAVILNIK O SADR\u017dAJU I NA\u010cINU VO\u0110ENJA EVIDENCIJE O RADNICIMA<br \/><\/b><a title=\"Pravilnik o sadr\u017eaju i na\u010dinu vo\u0111enja evidencije o radnicima\" href=\"http:\/\/narodne-novine.nn.hr\/clanci\/sluzbeni\/2015_03_32_668.html\" target=\"_blank\" rel=\"noopener noreferrer\">Ovdje pogledajte pravilnik u cijelosti<\/a><i><br \/>Stupanjem na snagu ovog Pravilnika prestaje va\u017eiti Pravilnik o sadr\u017eaju i na\u010dinu vo\u0111enja evidencije o radnicima (\u00bbNarodne novine\u00ab, broj 37\/11)<br \/><\/i><\/td>\n<td style=\"width: 1%; border: none !important;\">\u00a0<\/td>\n<td style=\"background: linear-gradient(dimgray, lightgray); font-size: 150%; padding-left: 5%; padding-right: 5%; height: 100%; border: none !important;\">\n<div style=\"font-size: x-large; text-align: center; color: white;\">\n<p>Generator za razdoblje<\/p>\n<p>Automatska evidencija dnevnog i tjednog odmora.<\/p>\n<p>Prepoznavanje subota i nedjelja te dr\u017eavnih praznika<\/p>\n<p style=\"color: black; font-size: large;\"><i><br \/>Pojedina\u010dni mjese\u010dni i periodi\u010dki izvje\u0161taji<br \/>Zbirni mjese\u010dni i periodi\u010dki izvje\u0161taji<\/i><\/p>\n<\/div>\n<\/td>\n<\/tr>\n<\/tbody>\n<\/table>\n<p>Omogu\u0107ujemo kvantitativno i vremenski ograni\u010dene licence po vrlo povoljnim cijenama.<\/p>\n<p><strong>Cjenik aplikacije za evidenciju radnog vremena.<\/strong><\/p>\n<p>Mati\u010dna knjiga i evidencija radnog vremena:<\/p>\n<table style=\"width: 50%; font-size: small;\">\n<tbody>\n<tr>\n<td>Broj djelatnika<\/td>\n<td align=\"right\">6 mjeseci<\/td>\n<td align=\"right\">1 godina<\/td>\n<td align=\"right\">2 godine<\/td>\n<td align=\"right\">Trajno<\/td>\n<\/tr>\n<tr>\n<td>5<\/td>\n<td align=\"right\">30,00<\/td>\n<td align=\"right\">50,00<\/td>\n<td align=\"right\">80,00<\/td>\n<td align=\"right\">110,00<\/td>\n<\/tr>\n<tr>\n<td>10<\/td>\n<td align=\"right\">50,00<\/td>\n<td align=\"right\">80,00<\/td>\n<td align=\"right\">120,00<\/td>\n<td align=\"right\">160,00<\/td>\n<\/tr>\n<tr>\n<td>20<\/td>\n<td align=\"right\">80,00<\/td>\n<td align=\"right\">120,00<\/td>\n<td align=\"right\">175,00<\/td>\n<td align=\"right\">220,00<\/td>\n<\/tr>\n<tr>\n<td>Preko 20<\/td>\n<td align=\"right\">120,00<\/td>\n<td align=\"right\">175,00<\/td>\n<td align=\"right\">220,00<\/td>\n<td align=\"right\">300,00<\/td>\n<\/tr>\n<\/tbody>\n<\/table>\n<p>Mati\u010dna knjiga i evidencija radnog vremena, putni nalozi i loco vo\u017enja:<\/p>\n<table style=\"width: 50%; font-size: small;\">\n<tbody>\n<tr>\n<td>Broj djelatnika<\/td>\n<td align=\"right\">6 mjeseci<\/td>\n<td align=\"right\">1 godina<\/td>\n<td align=\"right\">2 godine<\/td>\n<td align=\"right\">Trajno<\/td>\n<\/tr>\n<tr>\n<td>5<\/td>\n<td align=\"right\">40,00<\/td>\n<td align=\"right\">60,00<\/td>\n<td align=\"right\">110,00<\/td>\n<td align=\"right\">140,00<\/td>\n<\/tr>\n<tr>\n<td>10<\/td>\n<td align=\"right\">75,00<\/td>\n<td align=\"right\">110,00<\/td>\n<td align=\"right\">160,00<\/td>\n<td align=\"right\">210,00<\/td>\n<\/tr>\n<tr>\n<td>20<\/td>\n<td align=\"right\">110,00<\/td>\n<td align=\"right\">160,00<\/td>\n<td align=\"right\">230,00<\/td>\n<td align=\"right\">280,00<\/td>\n<\/tr>\n<tr>\n<td>Preko 20<\/td>\n<td align=\"right\">160,00<\/td>\n<td align=\"right\">230,00<\/td>\n<td align=\"right\">280,00<\/td>\n<td align=\"right\">400,00<\/td>\n<\/tr>\n<\/tbody>\n<\/table>\n\n\n<p><\/p>\n","protected":false},"excerpt":{"rendered":"<p>Mati\u010dna knjiga radnika\u00a0\u00a0\u2022\u00a0\u00a0Putni nalozi\u00a0\u00a0\u2022\u00a0\u00a0Loco vo\u017enja \u00a0 S ovim programom mo\u017eete u svega par minuta napraviti\u00a0 mjese\u010dne ili vi\u0161emjese\u010dne evidencije radnog vremena\u00a0 za sve radnike koriste\u0107i unaprijed definirane predlo\u0161ke \u00a0 \u00a0 \u00a0 \u00a0 \u00a0 \u00a0 \u00a0 \u00a0 \u00a0 \u00a0 \u00a0 \u0160tedite &hellip;<\/p>\n<p class=\"read-more\"> <a class=\"more-link\" href=\"http:\/\/www.roze.hr\/opsirnije\/pocetna\/evidencija-radnog-vremena\/\"> <span class=\"screen-reader-text\">Evidencija radnog vremena<\/span> Read More &raquo;<\/a><\/p>\n","protected":false},"author":2,"featured_media":0,"parent":9,"menu_order":8,"comment_status":"closed","ping_status":"closed","template":"full-width-page.php","meta":{"footnotes":""},"class_list":["post-64","page","type-page","status-publish","hentry"],"_links":{"self":[{"href":"http:\/\/www.roze.hr\/opsirnije\/wp-json\/wp\/v2\/pages\/64"}],"collection":[{"href":"http:\/\/www.roze.hr\/opsirnije\/wp-json\/wp\/v2\/pages"}],"about":[{"href":"http:\/\/www.roze.hr\/opsirnije\/wp-json\/wp\/v2\/types\/page"}],"author":[{"embeddable":true,"href":"http:\/\/www.roze.hr\/opsirnije\/wp-json\/wp\/v2\/users\/2"}],"replies":[{"embeddable":true,"href":"http:\/\/www.roze.hr\/opsirnije\/wp-json\/wp\/v2\/comments?post=64"}],"version-history":[{"count":16,"href":"http:\/\/www.roze.hr\/opsirnije\/wp-json\/wp\/v2\/pages\/64\/revisions"}],"predecessor-version":[{"id":278,"href":"http:\/\/www.roze.hr\/opsirnije\/wp-json\/wp\/v2\/pages\/64\/revisions\/278"}],"up":[{"embeddable":true,"href":"http:\/\/www.roze.hr\/opsirnije\/wp-json\/wp\/v2\/pages\/9"}],"wp:attachment":[{"href":"http:\/\/www.roze.hr\/opsirnije\/wp-json\/wp\/v2\/media?parent=64"}],"curies":[{"name":"wp","href":"https:\/\/api.w.org\/{rel}","templated":true}]}}