{"id":56,"date":"2014-10-07T08:01:30","date_gmt":"2014-10-07T08:01:30","guid":{"rendered":"http:\/\/roze.grothar.com\/?page_id=56"},"modified":"2014-12-18T14:24:23","modified_gmt":"2014-12-18T14:24:23","slug":"veleprodaja","status":"publish","type":"page","link":"http:\/\/www.roze.hr\/opsirnije\/pocetna\/veleprodaja\/","title":{"rendered":"Veleprodaja"},"content":{"rendered":"<p>U veleprodajnom poslovanju vrsta robe koja se prodaje odre\u0111uje, u velikom broju slu\u010dajeva, sam na\u010din obrade podataka u veleprodaji. Isto tako nisu identi\u010dne evidencije, ukoliko robu kupujemo ili je uzimamo u komisionu prodaju, prodajemo li je ili je dajemo u komisionu prodaju.<\/p>\n<p>Tako\u0111er imamo razvijen modul za <a title=\"Pra\u0107enje zaliha po LOT\/serijskim brojevima i roku valjanost\" href=\"http:\/\/www.roze.hr\/opsirnije\/pocetna\/pracenje-zaliha-po-lotserijskim-brojevima-i-roku-valjanost\/\">pra\u0107enje zaliha po LOT\/serijskim brojevima i roku valjanosti<\/a>.<\/p>\n<p>Tako smo u modulu veleprodaje razvili sljede\u0107e segmente:<\/p>\n<ul>\n<li>prijava komitenata (kupaca i dobavlja\u010da)<\/li>\n<li>unos podataka o artiklima<\/li>\n<li>skladi\u0161ni promet po dokumentima\n<ul>\n<li>narud\u017eba dobavlja\u010du<\/li>\n<li>predkalkulacija<\/li>\n<li>primka i iz nje kalkulacija<\/li>\n<li>me\u0111uskladi\u0161ni prijenos<\/li>\n<li>ponuda kupcu<\/li>\n<li>referentna ponuda<\/li>\n<li>potvrda narud\u017ebe (rezerviranje robe)<\/li>\n<li>otpremnica i iz nje izrada ra\u010duna<\/li>\n<li>zapisnik o utvr\u0111enim promjenama koli\u010dina na skladi\u0161tu<\/li>\n<li>promjena veleprodajne cijena<\/li>\n<\/ul>\n<\/li>\n<li>robne i ra\u010dunovodstvene evidencije robe\n<ul>\n<li>kartica artikla<\/li>\n<li>stanje skladi\u0161ta<\/li>\n<li>rekapitulacije po dokumentima<\/li>\n<li>kartica skladi\u0161ta<\/li>\n<li>odjava komisione robe<\/li>\n<\/ul>\n<\/li>\n<li>pregledi i statistike za poslovo\u0111enje<\/li>\n<li>inventura veleprodajnog skladi\u0161ta<\/li>\n<\/ul>\n<p><strong>Po \u010demu se na\u0161e aplikacije razlikuju<\/strong><strong>?<\/strong><\/p>\n<ul>\n<li><em><strong>za svakog pojedinog komitenta omogu\u0107avamo unos komercijalnih parametara(iznosi ugovorenih rabata, kredit limiti i sl.)<\/strong><\/em><\/li>\n<li><em><strong>po artiklima evidentiranje svih potrebnih informacija prema vrsti robe (partija i rok trajanja, pretvorbeni koeficijent, postotak alkohola&#8230;)<\/strong><\/em><\/li>\n<li><em><strong>u\u010ditavanje podataka o artiklima iz elektronskih faktura dobavlja\u010da i\/ili dobivenih elektronskih podataka od dobavlja\u010da<\/strong><\/em><\/li>\n<li><em><strong>po artiklima vodimo samo podatke potrebne za Va\u0161e poslovanje<\/strong><\/em><\/li>\n<li><em><strong>dokumente mo\u017eete u\u010ditavati, a da ne unosite ponovo iste podatke<\/strong><\/em><\/li>\n<li><em><strong>pratimo naru\u010divanje i isporu\u010divanje robe i prema dobavlja\u010dima i prema kupcima<\/strong><\/em><\/li>\n<li><em><strong>u fakturiranju kupcima omogu\u0107ujemo kaskadni obra\u010dun vi\u0161e nivoa rabata<\/strong><\/em><\/li>\n<li><em><strong>omogu\u0107avamo automatsko pra\u0107enje tro\u0161arina, ambala\u017enih naknada, tro\u0161kova elektroni\u010dkog otpada<\/strong><\/em><\/li>\n<\/ul>\n","protected":false},"excerpt":{"rendered":"<p>U veleprodajnom poslovanju vrsta robe koja se prodaje odre\u0111uje, u velikom broju slu\u010dajeva, sam na\u010din obrade podataka u veleprodaji. Isto tako nisu identi\u010dne evidencije, ukoliko robu kupujemo ili je uzimamo u komisionu prodaju, prodajemo li je ili je dajemo u &hellip;<\/p>\n<p class=\"read-more\"> <a class=\"more-link\" href=\"http:\/\/www.roze.hr\/opsirnije\/pocetna\/veleprodaja\/\"> <span class=\"screen-reader-text\">Veleprodaja<\/span> Read More &raquo;<\/a><\/p>\n","protected":false},"author":2,"featured_media":0,"parent":9,"menu_order":5,"comment_status":"closed","ping_status":"closed","template":"full-width-page.php","meta":{"footnotes":""},"class_list":["post-56","page","type-page","status-publish","hentry"],"_links":{"self":[{"href":"http:\/\/www.roze.hr\/opsirnije\/wp-json\/wp\/v2\/pages\/56"}],"collection":[{"href":"http:\/\/www.roze.hr\/opsirnije\/wp-json\/wp\/v2\/pages"}],"about":[{"href":"http:\/\/www.roze.hr\/opsirnije\/wp-json\/wp\/v2\/types\/page"}],"author":[{"embeddable":true,"href":"http:\/\/www.roze.hr\/opsirnije\/wp-json\/wp\/v2\/users\/2"}],"replies":[{"embeddable":true,"href":"http:\/\/www.roze.hr\/opsirnije\/wp-json\/wp\/v2\/comments?post=56"}],"version-history":[{"count":2,"href":"http:\/\/www.roze.hr\/opsirnije\/wp-json\/wp\/v2\/pages\/56\/revisions"}],"predecessor-version":[{"id":250,"href":"http:\/\/www.roze.hr\/opsirnije\/wp-json\/wp\/v2\/pages\/56\/revisions\/250"}],"up":[{"embeddable":true,"href":"http:\/\/www.roze.hr\/opsirnije\/wp-json\/wp\/v2\/pages\/9"}],"wp:attachment":[{"href":"http:\/\/www.roze.hr\/opsirnije\/wp-json\/wp\/v2\/media?parent=56"}],"curies":[{"name":"wp","href":"https:\/\/api.w.org\/{rel}","templated":true}]}}