{"id":54,"date":"2014-10-07T08:01:11","date_gmt":"2014-10-07T08:01:11","guid":{"rendered":"http:\/\/roze.grothar.com\/?page_id=54"},"modified":"2014-10-07T08:01:11","modified_gmt":"2014-10-07T08:01:11","slug":"za-maloprodaje","status":"publish","type":"page","link":"http:\/\/www.roze.hr\/opsirnije\/pocetna\/za-maloprodaje\/","title":{"rendered":"Za maloprodaje"},"content":{"rendered":"<p>Za maloprodaje i veleprodaje odje\u0107e i obu\u0107e<\/p>\n<p>U okviru maloprodaje razdvojili smo poslovanje same prodavaonice i pozadinsko poslovanje maloprodaje.<br \/>\n<span style=\"text-decoration: underline;\">U okviru aplikacije za poslovanje prodavaonice razlikuju se sljede\u0107i moduli:<\/span><\/p>\n<ul>\n<li>poslovanje POS kase maloprodaje<\/li>\n<li>arhiva maloprodajnih ra\u010duna<\/li>\n<li>izdavanje R1 \/ R2 ra\u010duna<\/li>\n<li>modul za poslovo\u0111enje (pregledi i izvje\u0161taji za voditelja posla)<\/li>\n<li>inventura du\u0107ana<\/li>\n<li>skladi\u0161no poslovanje du\u0107ana<\/li>\n<li>pregled stanja zaliha po vi\u0161e kriterija<\/li>\n<li>robne kartice<\/li>\n<li>unos zapisnika o promjeni stanja robe (kra\u0111a, otpis i sl.)<\/li>\n<li>me\u0111uskladi\u0161ni prijenos kod rada sa vi\u0161e maloprodajnih du\u0107ana unutar tvrtke<\/li>\n<\/ul>\n<p><span style=\"text-decoration: underline;\">\u00a0U okviru pozadinskog poslovanja razlikuju se slijede\u0107i moduli :<\/span><\/p>\n<ul>\n<li>prijava komitenata (kupaca i dobavlja\u010da)<\/li>\n<li>prijava artikala u sustav<\/li>\n<li>unos primki i izrada maloprodajnih kalkulacija<\/li>\n<li>povrati robe dobavlja\u010du<\/li>\n<li>prijava korisnika Loyality programa<\/li>\n<\/ul>\n<p><strong>Po \u010demu se na\u0161e aplikacije razlikuju?<\/strong><\/p>\n<ul>\n<li><strong><em>omogu\u0107avamo u\u010ditavanje podataka o robi iz elektronskih ra\u010duna dobavlja\u010da\u00a0<\/em><\/strong><\/li>\n<li><strong><em>ubrzavanje poslovanja kori\u0161tenjem bar koda u svim segmentima poslovanja<\/em><\/strong><\/li>\n<li><strong><em>omogu\u0107avamo odabir artikla pomo\u0107u: bar koda, naziva, dijela sadr\u017eaja iz naziva, veli\u010dine, dobavlja\u010da \/ proizvoda\u010da i \u0161to je posebno va\u017eno &#8211; godine proizvodnje i sezone<\/em><\/strong><\/li>\n<li><strong><em>unos pla\u0107anja po jednom ra\u010dunu u POS kasi s vi\u0161e vrsta pla\u0107anja<\/em><\/strong><\/li>\n<li><strong><em>zaklju\u010dak kase od vi\u0161e puta dnevno do jednom u vi\u0161e dana<\/em><\/strong><\/li>\n<li><strong><em>pra\u0107enje potro\u0161nje u Loyality programima<\/em><\/strong><\/li>\n<li><strong><em>osiguravamo jedinstvene cijene za sve istovrsne artikle (neovisno o boji, materijalu i veli\u010dini)<\/em><\/strong><\/li>\n<li><strong><em>za sorto robu osiguravamo tabli\u010dne prikaze po veli\u010dinama i\/ili bojama i materijalima<\/em><\/strong><br \/>\n<a href=\"http:\/\/www.roze.hr\/opsirnije\/wp-content\/uploads\/2014\/10\/maloprodaja1.gif\"><img loading=\"lazy\" decoding=\"async\" class=\"alignnone size-medium wp-image-87\" src=\"http:\/\/www.roze.hr\/opsirnije\/wp-content\/uploads\/2014\/10\/maloprodaja1-300x88.gif\" alt=\"maloprodaja1\" width=\"300\" height=\"88\" \/><\/a><\/li>\n<li><strong><em>ispisujemo deklaracije prema podacima iz primke, a prema Zakonu o za\u0161titi potro\u0161a\u010da<\/em><\/strong><br \/>\n<a href=\"http:\/\/www.roze.hr\/opsirnije\/wp-content\/uploads\/2014\/10\/maloprodaja2.gif\"><img loading=\"lazy\" decoding=\"async\" class=\"alignnone size-full wp-image-88\" src=\"http:\/\/www.roze.hr\/opsirnije\/wp-content\/uploads\/2014\/10\/maloprodaja2.gif\" alt=\"maloprodaja2\" width=\"202\" height=\"123\" \/><\/a><\/li>\n<\/ul>\n<p>Ukoliko tvrtka ima veleprodajno skladi\u0161te i jednu ili vi\u0161e maloprodaja razvili smo sustav komunikacije izme\u0111u poslovnih jedinica koji osigurava vremensku i lokacisku nezavisnost, a opet pripadnost sustavu i centraliziranje tj. sinkronizaciju podataka u sustavu.<\/p>\n<p><a href=\"http:\/\/www.roze.hr\/opsirnije\/wp-content\/uploads\/2014\/10\/maloprodaja3.gif\"><img loading=\"lazy\" decoding=\"async\" class=\"alignnone size-medium wp-image-89\" src=\"http:\/\/www.roze.hr\/opsirnije\/wp-content\/uploads\/2014\/10\/maloprodaja3-300x144.gif\" alt=\"maloprodaja3\" width=\"300\" height=\"144\" \/><\/a><\/p>\n","protected":false},"excerpt":{"rendered":"<p>Za maloprodaje i veleprodaje odje\u0107e i obu\u0107e U okviru maloprodaje razdvojili smo poslovanje same prodavaonice i pozadinsko poslovanje maloprodaje. U okviru aplikacije za poslovanje prodavaonice razlikuju se sljede\u0107i moduli: poslovanje POS kase maloprodaje arhiva maloprodajnih ra\u010duna izdavanje R1 \/ R2 &hellip;<\/p>\n<p class=\"read-more\"> <a class=\"more-link\" href=\"http:\/\/www.roze.hr\/opsirnije\/pocetna\/za-maloprodaje\/\"> <span class=\"screen-reader-text\">Za maloprodaje<\/span> Read More &raquo;<\/a><\/p>\n","protected":false},"author":2,"featured_media":0,"parent":9,"menu_order":4,"comment_status":"closed","ping_status":"closed","template":"full-width-page.php","meta":{"footnotes":""},"class_list":["post-54","page","type-page","status-publish","hentry"],"_links":{"self":[{"href":"http:\/\/www.roze.hr\/opsirnije\/wp-json\/wp\/v2\/pages\/54"}],"collection":[{"href":"http:\/\/www.roze.hr\/opsirnije\/wp-json\/wp\/v2\/pages"}],"about":[{"href":"http:\/\/www.roze.hr\/opsirnije\/wp-json\/wp\/v2\/types\/page"}],"author":[{"embeddable":true,"href":"http:\/\/www.roze.hr\/opsirnije\/wp-json\/wp\/v2\/users\/2"}],"replies":[{"embeddable":true,"href":"http:\/\/www.roze.hr\/opsirnije\/wp-json\/wp\/v2\/comments?post=54"}],"version-history":[{"count":0,"href":"http:\/\/www.roze.hr\/opsirnije\/wp-json\/wp\/v2\/pages\/54\/revisions"}],"up":[{"embeddable":true,"href":"http:\/\/www.roze.hr\/opsirnije\/wp-json\/wp\/v2\/pages\/9"}],"wp:attachment":[{"href":"http:\/\/www.roze.hr\/opsirnije\/wp-json\/wp\/v2\/media?parent=54"}],"curies":[{"name":"wp","href":"https:\/\/api.w.org\/{rel}","templated":true}]}}