{"id":27,"date":"2014-10-06T17:03:10","date_gmt":"2014-10-06T17:03:10","guid":{"rendered":"http:\/\/roze.grothar.com\/?page_id=27"},"modified":"2014-12-18T14:24:49","modified_gmt":"2014-12-18T14:24:49","slug":"proizvodnja","status":"publish","type":"page","link":"http:\/\/www.roze.hr\/opsirnije\/pocetna\/proizvodnja\/","title":{"rendered":"Proizvodnja"},"content":{"rendered":"<p>Evidencija podataka i obra\u010dun proizvodnje slo\u017een je proces definiran samim procesom proizvodnje. U dijelu obrada razvili smo navedene segmente iako svaki pojedini segment prilago\u0111avamo samom procesu proizvodnje kod svakog korisnika ponaosob, ali smo razvijaju\u0107i ove module sakupili veliko iskustvo u podr\u0161ci samom procesu proizvodnje &#8211; od jednostavnih dorada i prepakiravanja do slo\u017eenih sustava proizvodnje preko vi\u0161estrukih sastavnica (normativa) za isti artikl, obra\u010duna direktnih i indirektnih tro\u0161kova proizvodnje na svakom radnom nalogu do obra\u010duna proizvodnje po utro\u0161ku materijala (bez normativa).<\/p>\n<p>Tako\u0111er imamo razvijen modul za <a title=\"Pra\u0107enje zaliha po LOT\/serijskim brojevima i roku valjanost\" href=\"http:\/\/www.roze.hr\/opsirnije\/pocetna\/pracenje-zaliha-po-lotserijskim-brojevima-i-roku-valjanost\/\">pra\u0107enje zaliha po LOT\/serijskim brojevima i roku valjanosti<\/a>.<\/p>\n<p>Moduli ove Aplikacije su:<\/p>\n<ul>\n<li>unos normativa<\/li>\n<li>otvaranje radnog naloga<\/li>\n<li>skladi\u0161ni dokumenti izdatnice i predatnice<\/li>\n<li>obrada (obra\u010dun) radnih naloga<\/li>\n<li>iskazi proizvodnje u tijeku<\/li>\n<li>obra\u010dun proizvodnje za razdoblje<\/li>\n<li>pregledi i statistike za poslovo\u0111enje<\/li>\n<li>inventura skladi\u0161ta sirovina<\/li>\n<li>dodatne evidencije\/pra\u0107enje certifikata za sirovine<\/li>\n<\/ul>\n<p><strong>\u00a0\u00a0\u00a0\u00a0\u00a0\u00a0\u00a0\u00a0 Po \u010demu se na\u0161e aplikacije razlikuju?<\/strong><\/p>\n<ul>\n<li><strong>omogu\u0107avamo prera\u010dun sirovina iz jednih mjernih jedinica u druge ve\u0107 na samoj primci<\/strong><\/li>\n<li><strong>omogu\u0107avamo da je isti artikl istovremeno i roba za prodaju i sirovina ili poluproizvod za proizvodnju<\/strong><\/li>\n<li><strong>kreiramo radne naloge kroz aplikaciju za zalihe vlastitih proizvoda koje su manje od minimalnih koli\u010dina na zalihi<\/strong><\/li>\n<li><strong>uz vlastiti proizvod omogu\u0107avamo pohranu slike radioni\u010dkog nacrta ili bilo koje druge datoteke s podacima o proizvodu<\/strong><\/li>\n<\/ul>\n","protected":false},"excerpt":{"rendered":"<p>Evidencija podataka i obra\u010dun proizvodnje slo\u017een je proces definiran samim procesom proizvodnje. U dijelu obrada razvili smo navedene segmente iako svaki pojedini segment prilago\u0111avamo samom procesu proizvodnje kod svakog korisnika ponaosob, ali smo razvijaju\u0107i ove module sakupili veliko iskustvo u &hellip;<\/p>\n<p class=\"read-more\"> <a class=\"more-link\" href=\"http:\/\/www.roze.hr\/opsirnije\/pocetna\/proizvodnja\/\"> <span class=\"screen-reader-text\">Proizvodnja<\/span> Read More &raquo;<\/a><\/p>\n","protected":false},"author":2,"featured_media":0,"parent":9,"menu_order":2,"comment_status":"closed","ping_status":"closed","template":"full-width-page.php","meta":{"footnotes":""},"class_list":["post-27","page","type-page","status-publish","hentry"],"_links":{"self":[{"href":"http:\/\/www.roze.hr\/opsirnije\/wp-json\/wp\/v2\/pages\/27"}],"collection":[{"href":"http:\/\/www.roze.hr\/opsirnije\/wp-json\/wp\/v2\/pages"}],"about":[{"href":"http:\/\/www.roze.hr\/opsirnije\/wp-json\/wp\/v2\/types\/page"}],"author":[{"embeddable":true,"href":"http:\/\/www.roze.hr\/opsirnije\/wp-json\/wp\/v2\/users\/2"}],"replies":[{"embeddable":true,"href":"http:\/\/www.roze.hr\/opsirnije\/wp-json\/wp\/v2\/comments?post=27"}],"version-history":[{"count":1,"href":"http:\/\/www.roze.hr\/opsirnije\/wp-json\/wp\/v2\/pages\/27\/revisions"}],"predecessor-version":[{"id":251,"href":"http:\/\/www.roze.hr\/opsirnije\/wp-json\/wp\/v2\/pages\/27\/revisions\/251"}],"up":[{"embeddable":true,"href":"http:\/\/www.roze.hr\/opsirnije\/wp-json\/wp\/v2\/pages\/9"}],"wp:attachment":[{"href":"http:\/\/www.roze.hr\/opsirnije\/wp-json\/wp\/v2\/media?parent=27"}],"curies":[{"name":"wp","href":"https:\/\/api.w.org\/{rel}","templated":true}]}}