{"id":25,"date":"2014-10-06T17:02:43","date_gmt":"2014-10-06T17:02:43","guid":{"rendered":"http:\/\/roze.grothar.com\/?page_id=25"},"modified":"2014-10-06T17:02:43","modified_gmt":"2014-10-06T17:02:43","slug":"crm-rjesenja","status":"publish","type":"page","link":"http:\/\/www.roze.hr\/opsirnije\/pocetna\/crm-rjesenja\/","title":{"rendered":"CRM rje\u0161enja"},"content":{"rendered":"<p>U Customer Relationship Managment (CRM) ubrajamo skup poslovnih procesa, ljudi i tehnologija koje nam omogu\u0107uju bolje razumijevanje korisnika, kako postoje\u0107ih tako i potencijalnih. Uz to, s postoje\u0107im korisnicima razvijamo bolje poslovne odnose i iste izgra\u0111ujemo s budu\u0107ima.<\/p>\n<p>Moderno je poslovanje danas nezamislivo bez CRM-a, softverskog rje\u0161enja. Prvotno zami\u0161ljen &#8220;samo&#8221; kao implementacija softvera, CRM je prerastao u poslovnu filozofiju. Istinski CRM ujedinjuje podatke iz svih izvora informacija te omogu\u0107uje jedinstven uvid o korisniku u realnom vremenu. Najpo\u017eeljnije mjesto za uvo\u0111enje sustava upravljanja korisnicima (CRM) jest u prodaji, gdje taj sustav daje podatke o mogu\u0107im nov\u010danim priljevima u organizaciju te na\u010dinu rada prodajnog osoblja.<\/p>\n<p>Koriste\u0107i podjelu CRM-a na operacionalni, analiti\u010dki i kolaborativni ustanovili smo da profilu na\u0161ih korisnika najvi\u0161e odgovara da u trenutku implementacije CRM-a u svoje poslovanje oplemene funkcionalnostima zadu\u017eena za transformaciju i dobavu podataka iz vanjskih sustava, za pohranu istih u baze podataka, ekstrakciju operativnih podataka iz baza, njihovu analiti\u010dku obradu i proslje\u0111ivanje rezultata analiti\u010dkih procesa u obliku izvje\u0161taja.<\/p>\n<p>Mi nudimo analiti\u010dki CRM koji usugla\u0161avamo s Va\u0161im potrebama te prikupljanje podataka dodatno prilago\u0111avamo zahtjevima Va\u0161eg poslovanja, tj. potrebama koje proizlaze iz vrste roba koju prodajete i usluga koje pru\u017eate. Zajedno s Vama razvijamo optimalno aplikativno rje\u0161enje.<\/p>\n<p>Aplikacija se odlikuje jednostavnim i intuitivnim su\u010deljem tako da se koristi bez nekog posebnog napora. Kona\u010dni rezultati koje dobivate kroz na\u0161u aplikaciju nude veliki broj mogu\u0107nosti daljnje obrade podataka preko izvje\u0161taja, spremaju\u0107i ih pritom u nama uobi\u010dajene formate microsoftovih alata.<\/p>\n<p>Ukoliko korisnici koriste i na\u0161e ERP aplikacije, povezujemo analiti\u010dke i knjigovodstvene podatke o kupcima s podacima iz CRM sustava.<\/p>\n","protected":false},"excerpt":{"rendered":"<p>U Customer Relationship Managment (CRM) ubrajamo skup poslovnih procesa, ljudi i tehnologija koje nam omogu\u0107uju bolje razumijevanje korisnika, kako postoje\u0107ih tako i potencijalnih. Uz to, s postoje\u0107im korisnicima razvijamo bolje poslovne odnose i iste izgra\u0111ujemo s budu\u0107ima. Moderno je poslovanje &hellip;<\/p>\n<p class=\"read-more\"> <a class=\"more-link\" href=\"http:\/\/www.roze.hr\/opsirnije\/pocetna\/crm-rjesenja\/\"> <span class=\"screen-reader-text\">CRM rje\u0161enja<\/span> Read More &raquo;<\/a><\/p>\n","protected":false},"author":2,"featured_media":0,"parent":9,"menu_order":1,"comment_status":"closed","ping_status":"closed","template":"full-width-page.php","meta":{"footnotes":""},"class_list":["post-25","page","type-page","status-publish","hentry"],"_links":{"self":[{"href":"http:\/\/www.roze.hr\/opsirnije\/wp-json\/wp\/v2\/pages\/25"}],"collection":[{"href":"http:\/\/www.roze.hr\/opsirnije\/wp-json\/wp\/v2\/pages"}],"about":[{"href":"http:\/\/www.roze.hr\/opsirnije\/wp-json\/wp\/v2\/types\/page"}],"author":[{"embeddable":true,"href":"http:\/\/www.roze.hr\/opsirnije\/wp-json\/wp\/v2\/users\/2"}],"replies":[{"embeddable":true,"href":"http:\/\/www.roze.hr\/opsirnije\/wp-json\/wp\/v2\/comments?post=25"}],"version-history":[{"count":0,"href":"http:\/\/www.roze.hr\/opsirnije\/wp-json\/wp\/v2\/pages\/25\/revisions"}],"up":[{"embeddable":true,"href":"http:\/\/www.roze.hr\/opsirnije\/wp-json\/wp\/v2\/pages\/9"}],"wp:attachment":[{"href":"http:\/\/www.roze.hr\/opsirnije\/wp-json\/wp\/v2\/media?parent=25"}],"curies":[{"name":"wp","href":"https:\/\/api.w.org\/{rel}","templated":true}]}}